{"id":179,"date":"2016-04-12T10:08:15","date_gmt":"2016-04-12T10:08:15","guid":{"rendered":"https:\/\/xpress-studio.com\/contact\/"},"modified":"2023-05-28T12:27:01","modified_gmt":"2023-05-28T10:27:01","slug":"contact","status":"publish","type":"page","link":"https:\/\/xpress-studio.com\/he\/contact\/","title":{"rendered":"\u05d9\u05e6\u05d9\u05e8\u05ea \u05e7\u05e9\u05e8"},"content":{"rendered":"<p>[et_pb_section fb_built=&quot;1&quot; theme_builder_area=&quot;post_content&quot; _builder_version=&quot;4.21.0&quot; _module_preset=&quot;default&quot;][et_pb_row _builder_version=&quot;4.21.0&quot; _module_preset=&quot;default&quot; column_structure=&quot;1_2,1_2&quot; theme_builder_area=&quot;post_content&quot;][et_pb_column _builder_version=&quot;4.21.0&quot; _module_preset=&quot;default&quot; type=&quot;1_2&quot; theme_builder_area=&quot;post_content&quot;][et_pb_divider _builder_version=&quot;4.21.0&quot; _module_preset=&quot;default&quot; theme_builder_area=&quot;post_content&quot; show_divider=&quot;off&quot; hover_enabled=&quot;0&quot; sticky_enabled=&quot;0&quot;][\/et_pb_divider][et_pb_text _builder_version=&quot;4.21.0&quot; _module_preset=&quot;default&quot; theme_builder_area=&quot;post_content&quot; hover_enabled=&quot;0&quot; sticky_enabled=&quot;0&quot;]<\/p>\n<h1>\u05d8\u05dc\u05e4\u05d5\u05df<\/h1>\n<h1>0527586800<\/h1>\n<p>[\/et_pb_text][\/et_pb_column][et_pb_column _builder_version=&quot;4.21.0&quot; _module_preset=&quot;default&quot; type=&quot;1_2&quot; theme_builder_area=&quot;post_content&quot;][et_pb_text _builder_version=&quot;4.21.0&quot; _module_preset=&quot;default&quot; theme_builder_area=&quot;post_content&quot; hover_enabled=&quot;0&quot; sticky_enabled=&quot;0&quot;]<\/p>\n<h1>\u05d9\u05e6\u05d9\u05e8\u05ea \u05e7\u05e9\u05e8<\/h1>\n<p>[\/et_pb_text][et_pb_contact_form _builder_version=&quot;4.21.0&quot; _module_preset=&quot;default&quot; _unique_id=&quot;f0cd790b-2d9a-4d90-b577-74a6e689ab0a&quot; theme_builder_area=&quot;post_content&quot; email=&quot;xpress.studio1@gmail.com&quot; hover_enabled=&quot;0&quot; sticky_enabled=&quot;0&quot;][et_pb_contact_field field_id=&quot;Name&quot; field_title=&quot;\u05e9\u05dd&quot; _builder_version=&quot;4.16&quot; global_colors_info=&quot;{}&quot; button_text_size__hover_enabled=&quot;off&quot; button_one_text_size__hover_enabled=&quot;off&quot; button_two_text_size__hover_enabled=&quot;off&quot; button_text_color__hover_enabled=&quot;off&quot; button_one_text_color__hover_enabled=&quot;off&quot; button_two_text_color__hover_enabled=&quot;off&quot; button_border_width__hover_enabled=&quot;off&quot; button_one_border_width__hover_enabled=&quot;off&quot; button_two_border_width__hover_enabled=&quot;off&quot; button_border_color__hover_enabled=&quot;off&quot; button_one_border_color__hover_enabled=&quot;off&quot; button_two_border_color__hover_enabled=&quot;off&quot; button_border_radius__hover_enabled=&quot;off&quot; button_one_border_radius__hover_enabled=&quot;off&quot; button_two_border_radius__hover_enabled=&quot;off&quot; button_letter_spacing__hover_enabled=&quot;off&quot; button_one_letter_spacing__hover_enabled=&quot;off&quot; button_two_letter_spacing__hover_enabled=&quot;off&quot; button_bg_color__hover_enabled=&quot;off&quot; button_one_bg_color__hover_enabled=&quot;off&quot; button_two_bg_color__hover_enabled=&quot;off&quot; theme_builder_area=&quot;post_content&quot;][\/et_pb_contact_field][et_pb_contact_field field_id=&quot;Email&quot; field_title=&quot;\u05db\u05ea\u05d5\u05d1\u05ea \u05d3\u05d5\u05d0%22\u05dc&quot; field_type=&quot;email&quot; _builder_version=&quot;4.16&quot; global_colors_info=&quot;{}&quot; button_text_size__hover_enabled=&quot;off&quot; button_one_text_size__hover_enabled=&quot;off&quot; button_two_text_size__hover_enabled=&quot;off&quot; button_text_color__hover_enabled=&quot;off&quot; button_one_text_color__hover_enabled=&quot;off&quot; button_two_text_color__hover_enabled=&quot;off&quot; button_border_width__hover_enabled=&quot;off&quot; button_one_border_width__hover_enabled=&quot;off&quot; button_two_border_width__hover_enabled=&quot;off&quot; button_border_color__hover_enabled=&quot;off&quot; button_one_border_color__hover_enabled=&quot;off&quot; button_two_border_color__hover_enabled=&quot;off&quot; button_border_radius__hover_enabled=&quot;off&quot; button_one_border_radius__hover_enabled=&quot;off&quot; button_two_border_radius__hover_enabled=&quot;off&quot; button_letter_spacing__hover_enabled=&quot;off&quot; button_one_letter_spacing__hover_enabled=&quot;off&quot; button_two_letter_spacing__hover_enabled=&quot;off&quot; button_bg_color__hover_enabled=&quot;off&quot; button_one_bg_color__hover_enabled=&quot;off&quot; button_two_bg_color__hover_enabled=&quot;off&quot; theme_builder_area=&quot;post_content&quot;][\/et_pb_contact_field][et_pb_contact_field field_id=&quot;Message&quot; field_title=&quot;\u05d4\u05d5\u05d3\u05e2\u05d4&quot; field_type=&quot;text&quot; fullwidth_field=&quot;on&quot; _builder_version=&quot;4.16&quot; global_colors_info=&quot;{}&quot; button_text_size__hover_enabled=&quot;off&quot; button_one_text_size__hover_enabled=&quot;off&quot; button_two_text_size__hover_enabled=&quot;off&quot; button_text_color__hover_enabled=&quot;off&quot; button_one_text_color__hover_enabled=&quot;off&quot; button_two_text_color__hover_enabled=&quot;off&quot; button_border_width__hover_enabled=&quot;off&quot; button_one_border_width__hover_enabled=&quot;off&quot; button_two_border_width__hover_enabled=&quot;off&quot; button_border_color__hover_enabled=&quot;off&quot; button_one_border_color__hover_enabled=&quot;off&quot; button_two_border_color__hover_enabled=&quot;off&quot; button_border_radius__hover_enabled=&quot;off&quot; button_one_border_radius__hover_enabled=&quot;off&quot; button_two_border_radius__hover_enabled=&quot;off&quot; button_letter_spacing__hover_enabled=&quot;off&quot; button_one_letter_spacing__hover_enabled=&quot;off&quot; button_two_letter_spacing__hover_enabled=&quot;off&quot; button_bg_color__hover_enabled=&quot;off&quot; button_one_bg_color__hover_enabled=&quot;off&quot; button_two_bg_color__hover_enabled=&quot;off&quot; theme_builder_area=&quot;post_content&quot;][\/et_pb_contact_field][\/et_pb_contact_form][\/et_pb_column][\/et_pb_row][\/et_pb_section]<\/p>\n","protected":false},"excerpt":{"rendered":"<p>\u05d8\u05dc\u05e4\u05d5\u05df 0527586800\u05d9\u05e6\u05d9\u05e8\u05ea \u05e7\u05e9\u05e8<\/p>\n","protected":false},"author":7,"featured_media":181,"parent":0,"menu_order":0,"comment_status":"closed","ping_status":"closed","template":"","meta":{"_et_pb_use_builder":"on","_et_pb_old_content":"","_et_gb_content_width":"","_exactmetrics_skip_tracking":false,"_exactmetrics_sitenote_active":false,"_exactmetrics_sitenote_note":"","_exactmetrics_sitenote_category":0,"__cvm_playback_settings":[],"__cvm_video_id":"","footnotes":""},"class_list":["post-179","page","type-page","status-publish","has-post-thumbnail","hentry"],"yoast_head":"<!-- This site is optimized with the Yoast SEO plugin v27.4 - https:\/\/yoast.com\/product\/yoast-seo-wordpress\/ -->\n<title>Contact - Xpress Studio Agence de communication Jerusalem Tel Aviv<\/title>\n<meta name=\"description\" content=\"Parlez nous de votre projet ! Contactez-nous afin de discuter de votre entreprise autour d&#039;un caf\u00e9. Nous nous ferons un plaisir d&#039;\u00e9tablir une strat\u00e9gie.\" \/>\n<meta name=\"robots\" content=\"index, follow, max-snippet:-1, max-image-preview:large, max-video-preview:-1\" \/>\n<link rel=\"canonical\" href=\"https:\/\/xpress-studio.com\/he\/contact\/\" \/>\n<meta property=\"og:locale\" content=\"he_IL\" \/>\n<meta property=\"og:type\" content=\"article\" \/>\n<meta property=\"og:title\" content=\"Contact - Xpress Studio Agence de communication Jerusalem Tel Aviv\" \/>\n<meta property=\"og:description\" content=\"Parlez nous de votre projet ! Contactez-nous afin de discuter de votre entreprise autour d&#039;un caf\u00e9. Nous nous ferons un plaisir d&#039;\u00e9tablir une strat\u00e9gie.\" \/>\n<meta property=\"og:url\" content=\"https:\/\/xpress-studio.com\/he\/contact\/\" \/>\n<meta property=\"og:site_name\" content=\"Agence Digitale - Formations en ligne\" \/>\n<meta property=\"article:modified_time\" content=\"2023-05-28T10:27:01+00:00\" \/>\n<meta property=\"og:image\" content=\"https:\/\/xpress-studio.com\/wp-content\/uploads\/2016\/04\/home_print_subheader2.jpg\" \/>\n\t<meta property=\"og:image:width\" content=\"1920\" \/>\n\t<meta property=\"og:image:height\" content=\"700\" \/>\n\t<meta property=\"og:image:type\" content=\"image\/jpeg\" \/>\n<meta name=\"twitter:card\" content=\"summary_large_image\" \/>\n<meta name=\"twitter:label1\" content=\"\u05d6\u05de\u05df \u05e7\u05e8\u05d9\u05d0\u05d4 \u05de\u05d5\u05e2\u05e8\u05da\" \/>\n\t<meta name=\"twitter:data1\" content=\"3 \u05d3\u05e7\u05d5\u05ea\" \/>\n<script type=\"application\/ld+json\" class=\"yoast-schema-graph\">{\"@context\":\"https:\\\/\\\/schema.org\",\"@graph\":[{\"@type\":\"WebPage\",\"@id\":\"https:\\\/\\\/xpress-studio.com\\\/he\\\/contact\\\/\",\"url\":\"https:\\\/\\\/xpress-studio.com\\\/he\\\/contact\\\/\",\"name\":\"Contact - Xpress Studio Agence de communication Jerusalem Tel Aviv\",\"isPartOf\":{\"@id\":\"https:\\\/\\\/xpress-studio.com\\\/#website\"},\"primaryImageOfPage\":{\"@id\":\"https:\\\/\\\/xpress-studio.com\\\/he\\\/contact\\\/#primaryimage\"},\"image\":{\"@id\":\"https:\\\/\\\/xpress-studio.com\\\/he\\\/contact\\\/#primaryimage\"},\"thumbnailUrl\":\"https:\\\/\\\/xpress-studio.com\\\/wp-content\\\/uploads\\\/2016\\\/04\\\/home_print_subheader2.jpg\",\"datePublished\":\"2016-04-12T10:08:15+00:00\",\"dateModified\":\"2023-05-28T10:27:01+00:00\",\"description\":\"Parlez nous de votre projet ! Contactez-nous afin de discuter de votre entreprise autour d'un caf\u00e9. Nous nous ferons un plaisir d'\u00e9tablir une strat\u00e9gie.\",\"breadcrumb\":{\"@id\":\"https:\\\/\\\/xpress-studio.com\\\/he\\\/contact\\\/#breadcrumb\"},\"inLanguage\":\"he-IL\",\"potentialAction\":[{\"@type\":\"ReadAction\",\"target\":[\"https:\\\/\\\/xpress-studio.com\\\/he\\\/contact\\\/\"]}]},{\"@type\":\"ImageObject\",\"inLanguage\":\"he-IL\",\"@id\":\"https:\\\/\\\/xpress-studio.com\\\/he\\\/contact\\\/#primaryimage\",\"url\":\"https:\\\/\\\/xpress-studio.com\\\/wp-content\\\/uploads\\\/2016\\\/04\\\/home_print_subheader2.jpg\",\"contentUrl\":\"https:\\\/\\\/xpress-studio.com\\\/wp-content\\\/uploads\\\/2016\\\/04\\\/home_print_subheader2.jpg\",\"width\":1920,\"height\":700},{\"@type\":\"BreadcrumbList\",\"@id\":\"https:\\\/\\\/xpress-studio.com\\\/he\\\/contact\\\/#breadcrumb\",\"itemListElement\":[{\"@type\":\"ListItem\",\"position\":1,\"name\":\"Accueil\",\"item\":\"https:\\\/\\\/xpress-studio.com\\\/he\\\/\"},{\"@type\":\"ListItem\",\"position\":2,\"name\":\"\u05d9\u05e6\u05d9\u05e8\u05ea \u05e7\u05e9\u05e8\"}]},{\"@type\":\"WebSite\",\"@id\":\"https:\\\/\\\/xpress-studio.com\\\/#website\",\"url\":\"https:\\\/\\\/xpress-studio.com\\\/\",\"name\":\"Agence Digitale - Formations en ligne\",\"description\":\"\",\"potentialAction\":[{\"@type\":\"SearchAction\",\"target\":{\"@type\":\"EntryPoint\",\"urlTemplate\":\"https:\\\/\\\/xpress-studio.com\\\/?s={search_term_string}\"},\"query-input\":{\"@type\":\"PropertyValueSpecification\",\"valueRequired\":true,\"valueName\":\"search_term_string\"}}],\"inLanguage\":\"he-IL\"}]}<\/script>\n<!-- \/ Yoast SEO plugin. -->","yoast_head_json":{"title":"Contact - Xpress Studio Agence de communication Jerusalem Tel Aviv","description":"Parlez nous de votre projet ! Contactez-nous afin de discuter de votre entreprise autour d'un caf\u00e9. Nous nous ferons un plaisir d'\u00e9tablir une strat\u00e9gie.","robots":{"index":"index","follow":"follow","max-snippet":"max-snippet:-1","max-image-preview":"max-image-preview:large","max-video-preview":"max-video-preview:-1"},"canonical":"https:\/\/xpress-studio.com\/he\/contact\/","og_locale":"he_IL","og_type":"article","og_title":"Contact - Xpress Studio Agence de communication Jerusalem Tel Aviv","og_description":"Parlez nous de votre projet ! Contactez-nous afin de discuter de votre entreprise autour d'un caf\u00e9. Nous nous ferons un plaisir d'\u00e9tablir une strat\u00e9gie.","og_url":"https:\/\/xpress-studio.com\/he\/contact\/","og_site_name":"Agence Digitale - Formations en ligne","article_modified_time":"2023-05-28T10:27:01+00:00","og_image":[{"width":1920,"height":700,"url":"https:\/\/xpress-studio.com\/wp-content\/uploads\/2016\/04\/home_print_subheader2.jpg","type":"image\/jpeg"}],"twitter_card":"summary_large_image","twitter_misc":{"\u05d6\u05de\u05df \u05e7\u05e8\u05d9\u05d0\u05d4 \u05de\u05d5\u05e2\u05e8\u05da":"3 \u05d3\u05e7\u05d5\u05ea"},"schema":{"@context":"https:\/\/schema.org","@graph":[{"@type":"WebPage","@id":"https:\/\/xpress-studio.com\/he\/contact\/","url":"https:\/\/xpress-studio.com\/he\/contact\/","name":"Contact - Xpress Studio Agence de communication Jerusalem Tel Aviv","isPartOf":{"@id":"https:\/\/xpress-studio.com\/#website"},"primaryImageOfPage":{"@id":"https:\/\/xpress-studio.com\/he\/contact\/#primaryimage"},"image":{"@id":"https:\/\/xpress-studio.com\/he\/contact\/#primaryimage"},"thumbnailUrl":"https:\/\/xpress-studio.com\/wp-content\/uploads\/2016\/04\/home_print_subheader2.jpg","datePublished":"2016-04-12T10:08:15+00:00","dateModified":"2023-05-28T10:27:01+00:00","description":"Parlez nous de votre projet ! Contactez-nous afin de discuter de votre entreprise autour d'un caf\u00e9. Nous nous ferons un plaisir d'\u00e9tablir une strat\u00e9gie.","breadcrumb":{"@id":"https:\/\/xpress-studio.com\/he\/contact\/#breadcrumb"},"inLanguage":"he-IL","potentialAction":[{"@type":"ReadAction","target":["https:\/\/xpress-studio.com\/he\/contact\/"]}]},{"@type":"ImageObject","inLanguage":"he-IL","@id":"https:\/\/xpress-studio.com\/he\/contact\/#primaryimage","url":"https:\/\/xpress-studio.com\/wp-content\/uploads\/2016\/04\/home_print_subheader2.jpg","contentUrl":"https:\/\/xpress-studio.com\/wp-content\/uploads\/2016\/04\/home_print_subheader2.jpg","width":1920,"height":700},{"@type":"BreadcrumbList","@id":"https:\/\/xpress-studio.com\/he\/contact\/#breadcrumb","itemListElement":[{"@type":"ListItem","position":1,"name":"Accueil","item":"https:\/\/xpress-studio.com\/he\/"},{"@type":"ListItem","position":2,"name":"\u05d9\u05e6\u05d9\u05e8\u05ea \u05e7\u05e9\u05e8"}]},{"@type":"WebSite","@id":"https:\/\/xpress-studio.com\/#website","url":"https:\/\/xpress-studio.com\/","name":"Agence Digitale - Formations en ligne","description":"","potentialAction":[{"@type":"SearchAction","target":{"@type":"EntryPoint","urlTemplate":"https:\/\/xpress-studio.com\/?s={search_term_string}"},"query-input":{"@type":"PropertyValueSpecification","valueRequired":true,"valueName":"search_term_string"}}],"inLanguage":"he-IL"}]}},"_links":{"self":[{"href":"https:\/\/xpress-studio.com\/he\/wp-json\/wp\/v2\/pages\/179","targetHints":{"allow":["GET"]}}],"collection":[{"href":"https:\/\/xpress-studio.com\/he\/wp-json\/wp\/v2\/pages"}],"about":[{"href":"https:\/\/xpress-studio.com\/he\/wp-json\/wp\/v2\/types\/page"}],"author":[{"embeddable":true,"href":"https:\/\/xpress-studio.com\/he\/wp-json\/wp\/v2\/users\/7"}],"replies":[{"embeddable":true,"href":"https:\/\/xpress-studio.com\/he\/wp-json\/wp\/v2\/comments?post=179"}],"version-history":[{"count":3,"href":"https:\/\/xpress-studio.com\/he\/wp-json\/wp\/v2\/pages\/179\/revisions"}],"predecessor-version":[{"id":5039,"href":"https:\/\/xpress-studio.com\/he\/wp-json\/wp\/v2\/pages\/179\/revisions\/5039"}],"wp:featuredmedia":[{"embeddable":true,"href":"https:\/\/xpress-studio.com\/he\/wp-json\/wp\/v2\/media\/181"}],"wp:attachment":[{"href":"https:\/\/xpress-studio.com\/he\/wp-json\/wp\/v2\/media?parent=179"}],"curies":[{"name":"wp","href":"https:\/\/api.w.org\/{rel}","templated":true}]}}